{"id":1632,"date":"2021-01-21T19:17:02","date_gmt":"2021-01-21T19:17:02","guid":{"rendered":"https:\/\/gourmet4pattes.com\/?page_id=1632"},"modified":"2021-01-21T19:35:22","modified_gmt":"2021-01-21T19:35:22","slug":"poudre-de-cerf","status":"publish","type":"page","link":"https:\/\/g4p.pawpawdistribution.com\/en\/poudre-de-cerf\/","title":{"rendered":"Poudre de cerf"},"content":{"rendered":"<div data-elementor-type=\"wp-page\" data-elementor-id=\"1632\" class=\"elementor elementor-1632\">\n\t\t\t\t\t\t<section class=\"elementor-section elementor-top-section elementor-element elementor-element-410e2f0 elementor-section-full_width elementor-section-height-default elementor-section-height-default\" data-id=\"410e2f0\" data-element_type=\"section\" data-e-type=\"section\" data-settings=\"{&quot;background_background&quot;:&quot;classic&quot;}\">\n\t\t\t\t\t\t<div class=\"elementor-container elementor-column-gap-no\">\n\t\t\t\t\t<div class=\"elementor-column elementor-col-100 elementor-top-column elementor-element elementor-element-185e2dd\" data-id=\"185e2dd\" data-element_type=\"column\" data-e-type=\"column\">\n\t\t\t<div class=\"elementor-widget-wrap elementor-element-populated\">\n\t\t\t\t\t\t<div class=\"elementor-element elementor-element-522c8a6 elementor-widget elementor-widget-image\" data-id=\"522c8a6\" data-element_type=\"widget\" data-e-type=\"widget\" data-widget_type=\"image.default\">\n\t\t\t\t<div class=\"elementor-widget-container\">\n\t\t\t\t\t\t\t\t\t\t\t\t\t\t\t<img decoding=\"async\" src=\"https:\/\/g4p.pawpawdistribution.com\/wp-content\/uploads\/2021\/01\/poudre-de-cerf-banner.png\" title=\"\" alt=\"\" loading=\"lazy\" \/>\t\t\t\t\t\t\t\t\t\t\t\t\t\t\t<\/div>\n\t\t\t\t<\/div>\n\t\t\t\t\t<\/div>\n\t\t<\/div>\n\t\t\t\t\t<\/div>\n\t\t<\/section>\n\t\t\t\t<section class=\"elementor-section elementor-top-section elementor-element elementor-element-45e591b elementor-section-full_width elementor-section-height-default elementor-section-height-default\" data-id=\"45e591b\" data-element_type=\"section\" data-e-type=\"section\">\n\t\t\t\t\t\t<div class=\"elementor-container elementor-column-gap-default\">\n\t\t\t\t\t<div class=\"elementor-column elementor-col-100 elementor-top-column elementor-element elementor-element-495cbc3\" data-id=\"495cbc3\" data-element_type=\"column\" data-e-type=\"column\">\n\t\t\t<div class=\"elementor-widget-wrap elementor-element-populated\">\n\t\t\t\t\t\t<div class=\"elementor-element elementor-element-0defec7 elementor-widget elementor-widget-heading\" data-id=\"0defec7\" data-element_type=\"widget\" data-e-type=\"widget\" data-widget_type=\"heading.default\">\n\t\t\t\t<div class=\"elementor-widget-container\">\n\t\t\t\t\t<h2 class=\"elementor-heading-title elementor-size-default\">POWDERED DEER ANTLER<\/h2>\t\t\t\t<\/div>\n\t\t\t\t<\/div>\n\t\t\t\t\t<\/div>\n\t\t<\/div>\n\t\t\t\t\t<\/div>\n\t\t<\/section>\n\t\t\t\t<section class=\"elementor-section elementor-top-section elementor-element elementor-element-ae28927 elementor-section-boxed elementor-section-height-default elementor-section-height-default\" data-id=\"ae28927\" data-element_type=\"section\" data-e-type=\"section\">\n\t\t\t\t\t\t<div class=\"elementor-container elementor-column-gap-default\">\n\t\t\t\t\t<div class=\"elementor-column elementor-col-50 elementor-top-column elementor-element elementor-element-a57b51e\" data-id=\"a57b51e\" data-element_type=\"column\" data-e-type=\"column\">\n\t\t\t<div class=\"elementor-widget-wrap elementor-element-populated\">\n\t\t\t\t\t\t<div class=\"elementor-element elementor-element-510671d elementor-widget elementor-widget-text-editor\" data-id=\"510671d\" data-element_type=\"widget\" data-e-type=\"widget\" data-widget_type=\"text-editor.default\">\n\t\t\t\t<div class=\"elementor-widget-container\">\n\t\t\t\t\t\t\t\t\t<p><b>POWDERED DEER ANTLER ADVANTAGES<\/b><\/p>\n<ul>\n<li>&nbsp;Augmente naturellement la mobilit\u00e9, la force musculaire et l&#8217;endurance des chiens<\/li>\n<li>Accro\u00eet le niveau d&#8217;\u00e9nergie, reconstruit\/r\u00e9pare le cartilage et les tendons des articulations<\/li>\n<li>Soulage l&#8217;arthrite et l&#8217;arthrose<\/li>\n<li>Also strengthens the immune system and promotes healthy kidney function<\/li>\n<li>Helps reduce cholesterol<\/li>\n<li>Contains no gluten or soy: Hence it is perfect for dogs with allergies and sensitive skin<\/li>\n<li>Adapt\u00e9 aux BARFEURS (compl\u00e9ment d&#8217;un r\u00e9gime BARF).<\/li>\n<\/ul>\n<p><strong style=\"font-size: 16px;\">WHICH DOGS IS IT FOR ?<\/strong><\/p>\n<ul>\n<li>Good for all breeds<\/li>\n<li>For puppies<\/li>\n<li>For adults<\/li>\n<li>For Barfers<\/li>\n<\/ul>\t\t\t\t\t\t\t\t<\/div>\n\t\t\t\t<\/div>\n\t\t\t\t\t<\/div>\n\t\t<\/div>\n\t\t\t\t<div class=\"elementor-column elementor-col-50 elementor-top-column elementor-element elementor-element-fb3761f\" data-id=\"fb3761f\" data-element_type=\"column\" data-e-type=\"column\">\n\t\t\t<div class=\"elementor-widget-wrap elementor-element-populated\">\n\t\t\t\t\t\t<div class=\"elementor-element elementor-element-fa8cb66 elementor-widget elementor-widget-image\" data-id=\"fa8cb66\" data-element_type=\"widget\" data-e-type=\"widget\" data-widget_type=\"image.default\">\n\t\t\t\t<div class=\"elementor-widget-container\">\n\t\t\t\t\t\t\t\t\t\t\t\t\t\t\t<img decoding=\"async\" src=\"https:\/\/g4p.pawpawdistribution.com\/wp-content\/uploads\/2021\/01\/poudre-de-cerf.png\" title=\"\" alt=\"\" loading=\"lazy\" \/>\t\t\t\t\t\t\t\t\t\t\t\t\t\t\t<\/div>\n\t\t\t\t<\/div>\n\t\t\t\t\t<\/div>\n\t\t<\/div>\n\t\t\t\t\t<\/div>\n\t\t<\/section>\n\t\t\t\t<\/div>","protected":false},"excerpt":{"rendered":"<p>POUDRE DE BOIS DE CERF AVANTAGES DE LA POUDRE DE CERF &nbsp;Augmente naturellement la mobilit\u00e9, la force musculaire et l&#8217;endurance des chiens Accro\u00eet le niveau d&#8217;\u00e9nergie, reconstruit\/r\u00e9pare le cartilage et les tendons des articulations Soulage l&#8217;arthrite et l&#8217;arthrose Renforce \u00e9galement le syst\u00e8me immunitaire et favorise une fonction r\u00e9nale saine Contribue \u00e0 r\u00e9duire le cholest\u00e9rol Ne [&hellip;]<\/p>\n","protected":false},"author":1,"featured_media":0,"parent":0,"menu_order":0,"comment_status":"closed","ping_status":"closed","template":"","meta":{"rs_blank_template":"","rs_page_bg_color":"","slide_template_v7":"","inline_featured_image":false,"footnotes":""},"class_list":["post-1632","page","type-page","status-publish","hentry"],"_links":{"self":[{"href":"https:\/\/g4p.pawpawdistribution.com\/en\/wp-json\/wp\/v2\/pages\/1632","targetHints":{"allow":["GET"]}}],"collection":[{"href":"https:\/\/g4p.pawpawdistribution.com\/en\/wp-json\/wp\/v2\/pages"}],"about":[{"href":"https:\/\/g4p.pawpawdistribution.com\/en\/wp-json\/wp\/v2\/types\/page"}],"author":[{"embeddable":true,"href":"https:\/\/g4p.pawpawdistribution.com\/en\/wp-json\/wp\/v2\/users\/1"}],"replies":[{"embeddable":true,"href":"https:\/\/g4p.pawpawdistribution.com\/en\/wp-json\/wp\/v2\/comments?post=1632"}],"version-history":[{"count":0,"href":"https:\/\/g4p.pawpawdistribution.com\/en\/wp-json\/wp\/v2\/pages\/1632\/revisions"}],"wp:attachment":[{"href":"https:\/\/g4p.pawpawdistribution.com\/en\/wp-json\/wp\/v2\/media?parent=1632"}],"curies":[{"name":"wp","href":"https:\/\/api.w.org\/{rel}","templated":true}]}}