{"id":200,"date":"2020-09-07T18:47:09","date_gmt":"2020-09-07T18:47:09","guid":{"rendered":"http:\/\/box5352.temp.domains\/~captusp8\/gourmet4pattes\/?page_id=200"},"modified":"2021-01-21T17:31:55","modified_gmt":"2021-01-21T17:31:55","slug":"os-crus","status":"publish","type":"page","link":"https:\/\/g4p.pawpawdistribution.com\/en\/os-crus\/","title":{"rendered":"Os Crus"},"content":{"rendered":"<div data-elementor-type=\"wp-page\" data-elementor-id=\"200\" class=\"elementor elementor-200\">\n\t\t\t\t\t\t<section class=\"elementor-section elementor-top-section elementor-element elementor-element-e5df9d2 elementor-section-full_width elementor-section-height-full elementor-hidden-desktop elementor-hidden-tablet elementor-section-height-default elementor-section-items-middle\" data-id=\"e5df9d2\" data-element_type=\"section\" data-e-type=\"section\" data-settings=\"{&quot;background_background&quot;:&quot;classic&quot;}\">\n\t\t\t\t\t\t<div class=\"elementor-container elementor-column-gap-no\">\n\t\t\t\t\t<div class=\"elementor-column elementor-col-100 elementor-top-column elementor-element elementor-element-98c77b1\" data-id=\"98c77b1\" data-element_type=\"column\" data-e-type=\"column\">\n\t\t\t<div class=\"elementor-widget-wrap elementor-element-populated\">\n\t\t\t\t\t\t<div class=\"elementor-element elementor-element-de2b813 elementor-widget elementor-widget-image\" data-id=\"de2b813\" data-element_type=\"widget\" data-e-type=\"widget\" data-widget_type=\"image.default\">\n\t\t\t\t<div class=\"elementor-widget-container\">\n\t\t\t\t\t\t\t\t\t\t\t\t\t\t\t<img fetchpriority=\"high\" decoding=\"async\" width=\"3000\" height=\"1229\" src=\"https:\/\/g4p.pawpawdistribution.com\/wp-content\/uploads\/2021\/01\/OsCrue-sanstxt.png\" class=\"attachment-full size-full wp-image-1277\" alt=\"\" srcset=\"https:\/\/g4p.pawpawdistribution.com\/wp-content\/uploads\/2021\/01\/OsCrue-sanstxt.png 3000w, https:\/\/g4p.pawpawdistribution.com\/wp-content\/uploads\/2021\/01\/OsCrue-sanstxt-300x123.png 300w, https:\/\/g4p.pawpawdistribution.com\/wp-content\/uploads\/2021\/01\/OsCrue-sanstxt-1024x419.png 1024w, https:\/\/g4p.pawpawdistribution.com\/wp-content\/uploads\/2021\/01\/OsCrue-sanstxt-768x315.png 768w, https:\/\/g4p.pawpawdistribution.com\/wp-content\/uploads\/2021\/01\/OsCrue-sanstxt-1536x629.png 1536w, https:\/\/g4p.pawpawdistribution.com\/wp-content\/uploads\/2021\/01\/OsCrue-sanstxt-2048x839.png 2048w, https:\/\/g4p.pawpawdistribution.com\/wp-content\/uploads\/2021\/01\/OsCrue-sanstxt-16x7.png 16w\" sizes=\"(max-width: 3000px) 100vw, 3000px\" \/>\t\t\t\t\t\t\t\t\t\t\t\t\t\t\t<\/div>\n\t\t\t\t<\/div>\n\t\t\t\t\t<\/div>\n\t\t<\/div>\n\t\t\t\t\t<\/div>\n\t\t<\/section>\n\t\t\t\t<section class=\"elementor-section elementor-top-section elementor-element elementor-element-9c2f1a7 elementor-section-full_width elementor-section-height-min-height elementor-hidden-phone elementor-section-height-default elementor-section-items-middle\" data-id=\"9c2f1a7\" data-element_type=\"section\" data-e-type=\"section\" data-settings=\"{&quot;background_background&quot;:&quot;classic&quot;}\">\n\t\t\t\t\t\t<div class=\"elementor-container elementor-column-gap-no\">\n\t\t\t\t\t<div class=\"elementor-column elementor-col-100 elementor-top-column elementor-element elementor-element-063d7ae\" data-id=\"063d7ae\" data-element_type=\"column\" data-e-type=\"column\">\n\t\t\t<div class=\"elementor-widget-wrap elementor-element-populated\">\n\t\t\t\t\t\t<div class=\"elementor-element elementor-element-d71779c elementor-widget elementor-widget-image\" data-id=\"d71779c\" data-element_type=\"widget\" data-e-type=\"widget\" data-widget_type=\"image.default\">\n\t\t\t\t<div class=\"elementor-widget-container\">\n\t\t\t\t\t\t\t\t\t\t\t\t\t\t\t<img fetchpriority=\"high\" decoding=\"async\" width=\"3000\" height=\"1229\" src=\"https:\/\/g4p.pawpawdistribution.com\/wp-content\/uploads\/2021\/01\/OsCrue-sanstxt.png\" class=\"attachment-full size-full wp-image-1277\" alt=\"\" srcset=\"https:\/\/g4p.pawpawdistribution.com\/wp-content\/uploads\/2021\/01\/OsCrue-sanstxt.png 3000w, https:\/\/g4p.pawpawdistribution.com\/wp-content\/uploads\/2021\/01\/OsCrue-sanstxt-300x123.png 300w, https:\/\/g4p.pawpawdistribution.com\/wp-content\/uploads\/2021\/01\/OsCrue-sanstxt-1024x419.png 1024w, https:\/\/g4p.pawpawdistribution.com\/wp-content\/uploads\/2021\/01\/OsCrue-sanstxt-768x315.png 768w, https:\/\/g4p.pawpawdistribution.com\/wp-content\/uploads\/2021\/01\/OsCrue-sanstxt-1536x629.png 1536w, https:\/\/g4p.pawpawdistribution.com\/wp-content\/uploads\/2021\/01\/OsCrue-sanstxt-2048x839.png 2048w, https:\/\/g4p.pawpawdistribution.com\/wp-content\/uploads\/2021\/01\/OsCrue-sanstxt-16x7.png 16w\" sizes=\"(max-width: 3000px) 100vw, 3000px\" \/>\t\t\t\t\t\t\t\t\t\t\t\t\t\t\t<\/div>\n\t\t\t\t<\/div>\n\t\t\t\t\t<\/div>\n\t\t<\/div>\n\t\t\t\t\t<\/div>\n\t\t<\/section>\n\t\t\t\t<section class=\"elementor-section elementor-top-section elementor-element elementor-element-a03adf8 elementor-section-boxed elementor-section-height-default elementor-section-height-default\" data-id=\"a03adf8\" data-element_type=\"section\" data-e-type=\"section\">\n\t\t\t\t\t\t<div class=\"elementor-container elementor-column-gap-default\">\n\t\t\t\t\t<div class=\"elementor-column elementor-col-100 elementor-top-column elementor-element elementor-element-149ecd9\" data-id=\"149ecd9\" data-element_type=\"column\" data-e-type=\"column\">\n\t\t\t<div class=\"elementor-widget-wrap elementor-element-populated\">\n\t\t\t\t\t\t<div class=\"elementor-element elementor-element-9052c84 elementor-widget elementor-widget-heading\" data-id=\"9052c84\" data-element_type=\"widget\" data-e-type=\"widget\" data-widget_type=\"heading.default\">\n\t\t\t\t<div class=\"elementor-widget-container\">\n\t\t\t\t\t<h2 class=\"elementor-heading-title elementor-size-default\">OUR RAW BONES<\/h2>\t\t\t\t<\/div>\n\t\t\t\t<\/div>\n\t\t\t\t\t<\/div>\n\t\t<\/div>\n\t\t\t\t\t<\/div>\n\t\t<\/section>\n\t\t\t\t<section class=\"elementor-section elementor-top-section elementor-element elementor-element-6b157e8 elementor-section-boxed elementor-section-height-default elementor-section-height-default\" data-id=\"6b157e8\" data-element_type=\"section\" data-e-type=\"section\">\n\t\t\t\t\t\t<div class=\"elementor-container elementor-column-gap-default\">\n\t\t\t\t\t<div class=\"elementor-column elementor-col-100 elementor-top-column elementor-element elementor-element-f4ce79c\" data-id=\"f4ce79c\" data-element_type=\"column\" data-e-type=\"column\">\n\t\t\t<div class=\"elementor-widget-wrap elementor-element-populated\">\n\t\t\t\t\t\t<div class=\"elementor-element elementor-element-5c412e0 elementor-widget elementor-widget-text-editor\" data-id=\"5c412e0\" data-element_type=\"widget\" data-e-type=\"widget\" data-widget_type=\"text-editor.default\">\n\t\t\t\t<div class=\"elementor-widget-container\">\n\t\t\t\t\t\t\t\t\t<p><span style=\"font-weight: 400;\">G4P privil\u00e9gie l&#8217;alimentation crue pour chien et c\u2019est donc en compl\u00e9ment \u00e0 nos recettes et dans le m\u00eame processus de production que nous avons s\u00e9lectionn\u00e9 des os crus et naturels qui r\u00e9pondent aux besoins de votre chien, selon sa taille. Gruger les os est l\u2019un des plus grands plaisir pour un chien, c\u2019est une activit\u00e9 ancestrale qui apporte plusieurs bienfaits dont\u00a0 la pr\u00e9servation de la sant\u00e9 bucco-dentaire de votre chien. Et un apport en min\u00e9raux comme le calcium.<\/span><\/p>\t\t\t\t\t\t\t\t<\/div>\n\t\t\t\t<\/div>\n\t\t\t\t\t<\/div>\n\t\t<\/div>\n\t\t\t\t\t<\/div>\n\t\t<\/section>\n\t\t\t\t<section class=\"elementor-section elementor-top-section elementor-element elementor-element-83d506e elementor-section-boxed elementor-section-height-default elementor-section-height-default\" data-id=\"83d506e\" data-element_type=\"section\" data-e-type=\"section\">\n\t\t\t\t\t\t<div class=\"elementor-container elementor-column-gap-default\">\n\t\t\t\t\t<div class=\"elementor-column elementor-col-50 elementor-top-column elementor-element elementor-element-4db6da5\" data-id=\"4db6da5\" data-element_type=\"column\" data-e-type=\"column\">\n\t\t\t<div class=\"elementor-widget-wrap elementor-element-populated\">\n\t\t\t\t\t\t<div class=\"elementor-element elementor-element-5de850e elementor-widget elementor-widget-heading\" data-id=\"5de850e\" data-element_type=\"widget\" data-e-type=\"widget\" data-widget_type=\"heading.default\">\n\t\t\t\t<div class=\"elementor-widget-container\">\n\t\t\t\t\t<h3 class=\"elementor-heading-title elementor-size-default\">MARROW BONE<\/h3>\t\t\t\t<\/div>\n\t\t\t\t<\/div>\n\t\t\t\t<div class=\"elementor-element elementor-element-48dcdc2 elementor-widget elementor-widget-image\" data-id=\"48dcdc2\" data-element_type=\"widget\" data-e-type=\"widget\" data-widget_type=\"image.default\">\n\t\t\t\t<div class=\"elementor-widget-container\">\n\t\t\t\t\t\t\t\t\t\t\t\t\t\t\t<img decoding=\"async\" src=\"http:\/\/box5352.temp.domains\/~captusp8\/gourmet4pattes\/wp-content\/uploads\/2020\/09\/ENG-stickers-bones-7x7in-HIGHRES_Page_2-copy.jpg\" title=\"\" alt=\"\" loading=\"lazy\" \/>\t\t\t\t\t\t\t\t\t\t\t\t\t\t\t<\/div>\n\t\t\t\t<\/div>\n\t\t\t\t\t<\/div>\n\t\t<\/div>\n\t\t\t\t<div class=\"elementor-column elementor-col-50 elementor-top-column elementor-element elementor-element-a08cf0d\" data-id=\"a08cf0d\" data-element_type=\"column\" data-e-type=\"column\">\n\t\t\t<div class=\"elementor-widget-wrap elementor-element-populated\">\n\t\t\t\t\t\t<div class=\"elementor-element elementor-element-6b92745 elementor-widget elementor-widget-heading\" data-id=\"6b92745\" data-element_type=\"widget\" data-e-type=\"widget\" data-widget_type=\"heading.default\">\n\t\t\t\t<div class=\"elementor-widget-container\">\n\t\t\t\t\t<h3 class=\"elementor-heading-title elementor-size-default\">BEEF RIB<\/h3>\t\t\t\t<\/div>\n\t\t\t\t<\/div>\n\t\t\t\t<div class=\"elementor-element elementor-element-cbbfeeb elementor-widget elementor-widget-image\" data-id=\"cbbfeeb\" data-element_type=\"widget\" data-e-type=\"widget\" data-widget_type=\"image.default\">\n\t\t\t\t<div class=\"elementor-widget-container\">\n\t\t\t\t\t\t\t\t\t\t\t\t\t\t\t<img decoding=\"async\" src=\"http:\/\/box5352.temp.domains\/~captusp8\/gourmet4pattes\/wp-content\/uploads\/2020\/09\/ENG-stickers-bones-7x7in-HIGHRES_Page_7.jpg\" title=\"\" alt=\"\" loading=\"lazy\" \/>\t\t\t\t\t\t\t\t\t\t\t\t\t\t\t<\/div>\n\t\t\t\t<\/div>\n\t\t\t\t\t<\/div>\n\t\t<\/div>\n\t\t\t\t\t<\/div>\n\t\t<\/section>\n\t\t\t\t<section class=\"elementor-section elementor-top-section elementor-element elementor-element-9259c2f elementor-section-boxed elementor-section-height-default elementor-section-height-default\" data-id=\"9259c2f\" data-element_type=\"section\" data-e-type=\"section\">\n\t\t\t\t\t\t<div class=\"elementor-container elementor-column-gap-default\">\n\t\t\t\t\t<div class=\"elementor-column elementor-col-50 elementor-top-column elementor-element elementor-element-ce1d5df\" data-id=\"ce1d5df\" data-element_type=\"column\" data-e-type=\"column\">\n\t\t\t<div class=\"elementor-widget-wrap elementor-element-populated\">\n\t\t\t\t\t\t<div class=\"elementor-element elementor-element-766a42c elementor-widget elementor-widget-heading\" data-id=\"766a42c\" data-element_type=\"widget\" data-e-type=\"widget\" data-widget_type=\"heading.default\">\n\t\t\t\t<div class=\"elementor-widget-container\">\n\t\t\t\t\t<h3 class=\"elementor-heading-title elementor-size-default\">OXTAIL<\/h3>\t\t\t\t<\/div>\n\t\t\t\t<\/div>\n\t\t\t\t<div class=\"elementor-element elementor-element-79aa909 elementor-widget elementor-widget-image\" data-id=\"79aa909\" data-element_type=\"widget\" data-e-type=\"widget\" data-widget_type=\"image.default\">\n\t\t\t\t<div class=\"elementor-widget-container\">\n\t\t\t\t\t\t\t\t\t\t\t\t\t\t\t<img decoding=\"async\" src=\"http:\/\/box5352.temp.domains\/~captusp8\/gourmet4pattes\/wp-content\/uploads\/2020\/09\/sticker-queue-de-boeuf.jpg\" title=\"\" alt=\"\" loading=\"lazy\" \/>\t\t\t\t\t\t\t\t\t\t\t\t\t\t\t<\/div>\n\t\t\t\t<\/div>\n\t\t\t\t\t<\/div>\n\t\t<\/div>\n\t\t\t\t<div class=\"elementor-column elementor-col-50 elementor-top-column elementor-element elementor-element-f34db75\" data-id=\"f34db75\" data-element_type=\"column\" data-e-type=\"column\">\n\t\t\t<div class=\"elementor-widget-wrap elementor-element-populated\">\n\t\t\t\t\t\t<div class=\"elementor-element elementor-element-439b84a elementor-widget elementor-widget-heading\" data-id=\"439b84a\" data-element_type=\"widget\" data-e-type=\"widget\" data-widget_type=\"heading.default\">\n\t\t\t\t<div class=\"elementor-widget-container\">\n\t\t\t\t\t<h3 class=\"elementor-heading-title elementor-size-default\">TURKEY NECK<\/h3>\t\t\t\t<\/div>\n\t\t\t\t<\/div>\n\t\t\t\t<div class=\"elementor-element elementor-element-0c66210 elementor-widget elementor-widget-image\" data-id=\"0c66210\" data-element_type=\"widget\" data-e-type=\"widget\" data-widget_type=\"image.default\">\n\t\t\t\t<div class=\"elementor-widget-container\">\n\t\t\t\t\t\t\t\t\t\t\t\t\t\t\t<img decoding=\"async\" src=\"http:\/\/box5352.temp.domains\/~captusp8\/gourmet4pattes\/wp-content\/uploads\/2020\/09\/sticker-cou-de-dinde.jpg\" title=\"\" alt=\"\" loading=\"lazy\" \/>\t\t\t\t\t\t\t\t\t\t\t\t\t\t\t<\/div>\n\t\t\t\t<\/div>\n\t\t\t\t\t<\/div>\n\t\t<\/div>\n\t\t\t\t\t<\/div>\n\t\t<\/section>\n\t\t\t\t<section class=\"elementor-section elementor-top-section elementor-element elementor-element-dad2bda elementor-section-boxed elementor-section-height-default elementor-section-height-default\" data-id=\"dad2bda\" data-element_type=\"section\" data-e-type=\"section\">\n\t\t\t\t\t\t<div class=\"elementor-container elementor-column-gap-default\">\n\t\t\t\t\t<div class=\"elementor-column elementor-col-50 elementor-top-column elementor-element elementor-element-44cb64f\" data-id=\"44cb64f\" data-element_type=\"column\" data-e-type=\"column\">\n\t\t\t<div class=\"elementor-widget-wrap elementor-element-populated\">\n\t\t\t\t\t\t<div class=\"elementor-element elementor-element-f0878ad elementor-widget elementor-widget-heading\" data-id=\"f0878ad\" data-element_type=\"widget\" data-e-type=\"widget\" data-widget_type=\"heading.default\">\n\t\t\t\t<div class=\"elementor-widget-container\">\n\t\t\t\t\t<h3 class=\"elementor-heading-title elementor-size-default\">CHICKEN NECK<\/h3>\t\t\t\t<\/div>\n\t\t\t\t<\/div>\n\t\t\t\t<div class=\"elementor-element elementor-element-1ee8d15 elementor-widget elementor-widget-image\" data-id=\"1ee8d15\" data-element_type=\"widget\" data-e-type=\"widget\" data-widget_type=\"image.default\">\n\t\t\t\t<div class=\"elementor-widget-container\">\n\t\t\t\t\t\t\t\t\t\t\t\t\t\t\t<img decoding=\"async\" src=\"http:\/\/box5352.temp.domains\/~captusp8\/gourmet4pattes\/wp-content\/uploads\/2020\/09\/coudepoulet.jpg\" title=\"\" alt=\"\" loading=\"lazy\" \/>\t\t\t\t\t\t\t\t\t\t\t\t\t\t\t<\/div>\n\t\t\t\t<\/div>\n\t\t\t\t\t<\/div>\n\t\t<\/div>\n\t\t\t\t<div class=\"elementor-column elementor-col-50 elementor-top-column elementor-element elementor-element-561b217\" data-id=\"561b217\" data-element_type=\"column\" data-e-type=\"column\">\n\t\t\t<div class=\"elementor-widget-wrap elementor-element-populated\">\n\t\t\t\t\t\t<div class=\"elementor-element elementor-element-105d8ab elementor-widget elementor-widget-heading\" data-id=\"105d8ab\" data-element_type=\"widget\" data-e-type=\"widget\" data-widget_type=\"heading.default\">\n\t\t\t\t<div class=\"elementor-widget-container\">\n\t\t\t\t\t<h3 class=\"elementor-heading-title elementor-size-default\">SARDINES<\/h3>\t\t\t\t<\/div>\n\t\t\t\t<\/div>\n\t\t\t\t<div class=\"elementor-element elementor-element-dac6533 elementor-widget elementor-widget-image\" data-id=\"dac6533\" data-element_type=\"widget\" data-e-type=\"widget\" data-widget_type=\"image.default\">\n\t\t\t\t<div class=\"elementor-widget-container\">\n\t\t\t\t\t\t\t\t\t\t\t\t\t\t\t<img decoding=\"async\" src=\"http:\/\/box5352.temp.domains\/~captusp8\/gourmet4pattes\/wp-content\/uploads\/2020\/09\/sticker-Sardines-4-1.jpg\" title=\"\" alt=\"\" loading=\"lazy\" \/>\t\t\t\t\t\t\t\t\t\t\t\t\t\t\t<\/div>\n\t\t\t\t<\/div>\n\t\t\t\t\t<\/div>\n\t\t<\/div>\n\t\t\t\t\t<\/div>\n\t\t<\/section>\n\t\t\t\t<section class=\"elementor-section elementor-top-section elementor-element elementor-element-1d770c7 elementor-section-full_width elementor-section-height-default elementor-section-height-default\" data-id=\"1d770c7\" data-element_type=\"section\" data-e-type=\"section\">\n\t\t\t\t\t\t<div class=\"elementor-container elementor-column-gap-default\">\n\t\t\t\t\t<div class=\"elementor-column elementor-col-33 elementor-top-column elementor-element elementor-element-d5c5c55\" data-id=\"d5c5c55\" data-element_type=\"column\" data-e-type=\"column\">\n\t\t\t<div class=\"elementor-widget-wrap\">\n\t\t\t\t\t\t\t<\/div>\n\t\t<\/div>\n\t\t\t\t<div class=\"elementor-column elementor-col-33 elementor-top-column elementor-element elementor-element-9b7c165\" data-id=\"9b7c165\" data-element_type=\"column\" data-e-type=\"column\">\n\t\t\t<div class=\"elementor-widget-wrap elementor-element-populated\">\n\t\t\t\t\t\t<div class=\"elementor-element elementor-element-9484968 elementor-widget elementor-widget-heading\" data-id=\"9484968\" data-element_type=\"widget\" data-e-type=\"widget\" data-widget_type=\"heading.default\">\n\t\t\t\t<div class=\"elementor-widget-container\">\n\t\t\t\t\t<h3 class=\"elementor-heading-title elementor-size-default\">SMELTS <\/h3>\t\t\t\t<\/div>\n\t\t\t\t<\/div>\n\t\t\t\t<div class=\"elementor-element elementor-element-39a8286 elementor-widget elementor-widget-image\" data-id=\"39a8286\" data-element_type=\"widget\" data-e-type=\"widget\" data-widget_type=\"image.default\">\n\t\t\t\t<div class=\"elementor-widget-container\">\n\t\t\t\t\t\t\t\t\t\t\t\t\t\t\t<img decoding=\"async\" src=\"http:\/\/box5352.temp.domains\/~captusp8\/gourmet4pattes\/wp-content\/uploads\/2020\/09\/sticker-Eperlans.jpg\" title=\"\" alt=\"\" loading=\"lazy\" \/>\t\t\t\t\t\t\t\t\t\t\t\t\t\t\t<\/div>\n\t\t\t\t<\/div>\n\t\t\t\t\t<\/div>\n\t\t<\/div>\n\t\t\t\t<div class=\"elementor-column elementor-col-33 elementor-top-column elementor-element elementor-element-a645557\" data-id=\"a645557\" data-element_type=\"column\" data-e-type=\"column\">\n\t\t\t<div class=\"elementor-widget-wrap\">\n\t\t\t\t\t\t\t<\/div>\n\t\t<\/div>\n\t\t\t\t\t<\/div>\n\t\t<\/section>\n\t\t\t\t<\/div>","protected":false},"excerpt":{"rendered":"<p>NOS OS CRUS G4P privil\u00e9gie l&#8217;alimentation crue pour chien et c\u2019est donc en compl\u00e9ment \u00e0 nos recettes et dans le m\u00eame processus de production que nous avons s\u00e9lectionn\u00e9 des os crus et naturels qui r\u00e9pondent aux besoins de votre chien, selon sa taille. Gruger les os est l\u2019un des plus grands plaisir pour un chien, [&hellip;]<\/p>\n","protected":false},"author":1,"featured_media":0,"parent":0,"menu_order":0,"comment_status":"closed","ping_status":"closed","template":"","meta":{"rs_blank_template":"","rs_page_bg_color":"","slide_template_v7":"","inline_featured_image":false,"footnotes":""},"class_list":["post-200","page","type-page","status-publish","hentry"],"_links":{"self":[{"href":"https:\/\/g4p.pawpawdistribution.com\/en\/wp-json\/wp\/v2\/pages\/200","targetHints":{"allow":["GET"]}}],"collection":[{"href":"https:\/\/g4p.pawpawdistribution.com\/en\/wp-json\/wp\/v2\/pages"}],"about":[{"href":"https:\/\/g4p.pawpawdistribution.com\/en\/wp-json\/wp\/v2\/types\/page"}],"author":[{"embeddable":true,"href":"https:\/\/g4p.pawpawdistribution.com\/en\/wp-json\/wp\/v2\/users\/1"}],"replies":[{"embeddable":true,"href":"https:\/\/g4p.pawpawdistribution.com\/en\/wp-json\/wp\/v2\/comments?post=200"}],"version-history":[{"count":0,"href":"https:\/\/g4p.pawpawdistribution.com\/en\/wp-json\/wp\/v2\/pages\/200\/revisions"}],"wp:attachment":[{"href":"https:\/\/g4p.pawpawdistribution.com\/en\/wp-json\/wp\/v2\/media?parent=200"}],"curies":[{"name":"wp","href":"https:\/\/api.w.org\/{rel}","templated":true}]}}